{"id":5738,"date":"2021-12-27T10:54:56","date_gmt":"2021-12-27T10:54:56","guid":{"rendered":"https:\/\/www.nogway.com\/?page_id=5738"},"modified":"2021-12-27T10:57:12","modified_gmt":"2021-12-27T10:57:12","slug":"declaracoes-banco-de-leite","status":"publish","type":"page","link":"https:\/\/www.nogway.com\/pt\/declaracoes-banco-de-leite\/","title":{"rendered":"Declara\u00e7\u00f5es Banco de Leite"},"content":{"rendered":"<p><a href=\"https:\/\/www.nogway.com\/wp-content\/uploads\/2021\/10\/2021-09-02-Declarac\u0327a\u0303o-VIACOFRA-Grupo-NOGWAY.pdf\" target=\"_blank\" rel=\"noopener\">Declara\u00e7\u00e3o Banco de Leite 09.2021<\/a><\/p>\n<p><a href=\"https:\/\/www.nogway.com\/wp-content\/uploads\/2021\/12\/2021-12-17_Declaracao_Banco_Leite_Grupo_NOGWAY.pdf\" target=\"_blank\" rel=\"noopener\">Declara\u00e7\u00e3o Banco de Leite 12.2021<\/a><\/p>\n<div id=\"gtx-trans\" style=\"position: absolute; left: -22px; top: 0px;\">\n<div class=\"gtx-trans-icon\"><\/div>\n<\/div>\n<p><\/p>","protected":false},"excerpt":{"rendered":"<p>Declara\u00e7\u00e3o Banco de Leite 09.2021 Declara\u00e7\u00e3o Banco de Leite 12.2021<\/p>\n","protected":false},"author":2,"featured_media":0,"parent":0,"menu_order":0,"comment_status":"closed","ping_status":"closed","template":"","meta":{"footnotes":""},"_links":{"self":[{"href":"https:\/\/www.nogway.com\/pt\/wp-json\/wp\/v2\/pages\/5738"}],"collection":[{"href":"https:\/\/www.nogway.com\/pt\/wp-json\/wp\/v2\/pages"}],"about":[{"href":"https:\/\/www.nogway.com\/pt\/wp-json\/wp\/v2\/types\/page"}],"author":[{"embeddable":true,"href":"https:\/\/www.nogway.com\/pt\/wp-json\/wp\/v2\/users\/2"}],"replies":[{"embeddable":true,"href":"https:\/\/www.nogway.com\/pt\/wp-json\/wp\/v2\/comments?post=5738"}],"version-history":[{"count":2,"href":"https:\/\/www.nogway.com\/pt\/wp-json\/wp\/v2\/pages\/5738\/revisions"}],"predecessor-version":[{"id":5741,"href":"https:\/\/www.nogway.com\/pt\/wp-json\/wp\/v2\/pages\/5738\/revisions\/5741"}],"wp:attachment":[{"href":"https:\/\/www.nogway.com\/pt\/wp-json\/wp\/v2\/media?parent=5738"}],"curies":[{"name":"wp","href":"https:\/\/api.w.org\/{rel}","templated":true}]}}