{"id":5171,"date":"2019-06-12T09:19:34","date_gmt":"2019-06-12T09:19:34","guid":{"rendered":"https:\/\/www.nogway.com\/?page_id=5171"},"modified":"2019-06-12T09:19:34","modified_gmt":"2019-06-12T09:19:34","slug":"declaracoes-liga-portuguesa-contra-o-cancro","status":"publish","type":"page","link":"https:\/\/www.nogway.com\/pt\/declaracoes-liga-portuguesa-contra-o-cancro\/","title":{"rendered":"Declara\u00e7\u00f5es Liga Portuguesa contra o Cancro"},"content":{"rendered":"<p><a href=\"https:\/\/www.nogway.com\/wp-content\/uploads\/2019\/06\/Declara\u00e7\u00e3o-Liga.pdf\">Declara\u00e7\u00e3o Liga Portuguesa contra o Cancro 2019<\/a><\/p>\n<p><a href=\"https:\/\/www.nogway.com\/wp-content\/uploads\/2019\/06\/declara\u00e7\u00e3o-liga-2.pdf\">Declara\u00e7\u00e3o Liga Portuguesa contra o Cancro 2018<\/a><\/p>","protected":false},"excerpt":{"rendered":"<p>Declara\u00e7\u00e3o Liga Portuguesa contra o Cancro 2019 Declara\u00e7\u00e3o Liga Portuguesa contra o Cancro 2018<\/p>\n","protected":false},"author":7,"featured_media":0,"parent":0,"menu_order":0,"comment_status":"closed","ping_status":"closed","template":"","meta":{"footnotes":""},"_links":{"self":[{"href":"https:\/\/www.nogway.com\/pt\/wp-json\/wp\/v2\/pages\/5171"}],"collection":[{"href":"https:\/\/www.nogway.com\/pt\/wp-json\/wp\/v2\/pages"}],"about":[{"href":"https:\/\/www.nogway.com\/pt\/wp-json\/wp\/v2\/types\/page"}],"author":[{"embeddable":true,"href":"https:\/\/www.nogway.com\/pt\/wp-json\/wp\/v2\/users\/7"}],"replies":[{"embeddable":true,"href":"https:\/\/www.nogway.com\/pt\/wp-json\/wp\/v2\/comments?post=5171"}],"version-history":[{"count":1,"href":"https:\/\/www.nogway.com\/pt\/wp-json\/wp\/v2\/pages\/5171\/revisions"}],"predecessor-version":[{"id":5172,"href":"https:\/\/www.nogway.com\/pt\/wp-json\/wp\/v2\/pages\/5171\/revisions\/5172"}],"wp:attachment":[{"href":"https:\/\/www.nogway.com\/pt\/wp-json\/wp\/v2\/media?parent=5171"}],"curies":[{"name":"wp","href":"https:\/\/api.w.org\/{rel}","templated":true}]}}