{"id":174,"date":"2015-01-14T08:59:12","date_gmt":"2015-01-14T08:59:12","guid":{"rendered":"http:\/\/sw-themes.com\/porto_dummy\/?page_id=174"},"modified":"2019-01-14T11:41:44","modified_gmt":"2019-01-14T11:41:44","slug":"empresa","status":"publish","type":"page","link":"https:\/\/www.nogway.com\/pt\/empresa\/","title":{"rendered":"Empresa"},"content":{"rendered":"<p>[vc_row][vc_column]<div class=\"avt_masterslider_el \" >\n\t\t<!-- MasterSlider -->\n\t\t<div id=\"P_MS578e5a81b7643\" class=\"master-slider-parent ms-parent-id-29\"  >\n\n\t\t\t\n\t\t\t<!-- MasterSlider Main -->\n\t\t\t<div id=\"MS578e5a81b7643\" class=\"master-slider ms-skin-light-3\" >\n\t\t\t\t \t\t\t\t \n\t\t\t<div  class=\"ms-slide\" data-delay=\"6\" data-fill-mode=\"fill\"  >\n\t\t\t\t\t<img decoding=\"async\" src=\"http:\/\/www.nogway.com\/wp-content\/plugins\/masterslider\/public\/assets\/css\/blank.gif\" alt=\"\" title=\"\" data-src=\"http:\/\/www.nogway.com\/wp-content\/uploads\/2016\/07\/slideshow4A.jpg\" \/>\n\n\t\t\t\t\t<div  class=\"ms-layer  msp-cn-29-179\" style=\"\"   data-effect=\"t(true,n,n,n,n,n,n,n,n,n,n,n,n,n,n)\"   data-ease=\"easeOutQuint\"                data-offset-x=\"2\" data-offset-y=\"64\" data-origin=\"mc\" data-position=\"normal\" >\nUMA EQUIPA PROFISSIONAL E INTERNACIONAL<\/div>\n\n\t\t\t\t\t<div  class=\"ms-layer  msp-cn-29-167\" style=\"\"   data-effect=\"t(true,n,n,n,n,n,n,n,n,n,n,n,n,n,n)\"   data-ease=\"easeOutQuint\"                data-offset-x=\"2\" data-offset-y=\"0\" data-origin=\"mc\" data-position=\"normal\" >\nNOVAS IDEIAS, NOVOS PROJECTOS<\/div>\n\n\n\t\t\t\t<\/div>\n\t\t\t<div  class=\"ms-slide\" data-delay=\"6\" data-fill-mode=\"fill\"  >\n\t\t\t\t\t<img decoding=\"async\" src=\"http:\/\/www.nogway.com\/wp-content\/plugins\/masterslider\/public\/assets\/css\/blank.gif\" alt=\"\" title=\"\" data-src=\"http:\/\/www.nogway.com\/wp-content\/uploads\/2016\/07\/slideshow5A.jpg\" \/>\n\n\t\t\t\t\t<div  class=\"ms-layer  msp-cn-29-181\" style=\"\"   data-effect=\"t(true,n,n,n,n,n,n,n,n,n,n,n,n,n,n)\"   data-ease=\"easeOutQuint\"                data-offset-x=\"2\" data-offset-y=\"64\" data-origin=\"mc\" data-position=\"normal\" >\nUMA EQUIPA PROFISSIONAL E INTERNACIONAL<\/div>\n\n\t\t\t\t\t<div  class=\"ms-layer  msp-cn-29-180\" style=\"\"   data-effect=\"t(true,n,n,n,n,n,n,n,n,n,n,n,n,n,n)\"   data-ease=\"easeOutQuint\"                data-offset-x=\"0\" data-offset-y=\"0\" data-origin=\"mc\" data-position=\"normal\" >\nAO ENCONTRO DAS SUAS NECESSIDADES<\/div>\n\n\n\t\t\t\t<\/div>\n\t\t\t<div  class=\"ms-slide\" data-delay=\"6\" data-fill-mode=\"fill\"  >\n\t\t\t\t\t<img decoding=\"async\" src=\"http:\/\/www.nogway.com\/wp-content\/plugins\/masterslider\/public\/assets\/css\/blank.gif\" alt=\"\" title=\"\" data-src=\"http:\/\/www.nogway.com\/wp-content\/uploads\/2016\/07\/slideshow6A.jpg\" \/>\n\n\t\t\t\t\t<div  class=\"ms-layer  msp-cn-29-183\" style=\"\"   data-effect=\"t(true,n,n,n,n,n,n,n,n,n,n,n,n,n,n)\"   data-ease=\"easeOutQuint\"                data-offset-x=\"2\" data-offset-y=\"114\" data-origin=\"mc\" data-position=\"normal\" >\nUMA EQUIPA PROFISSIONAL E INTERNACIONAL<\/div>\n\n\t\t\t\t\t<div  class=\"ms-layer  msp-cn-29-182\" style=\"\"   data-effect=\"t(true,n,n,n,n,n,n,n,n,n,n,n,n,n,n)\"   data-ease=\"easeOutQuint\"                data-offset-x=\"0\" data-offset-y=\"50\" data-origin=\"mc\" data-position=\"normal\" >\n25 ANOS DE EXPERI\u00caNCIA<\/div>\n\n\n\t\t\t\t<\/div>\n\n\t\t\t<\/div>\n\t\t\t<!-- END MasterSlider Main -->\n\n\t\t\t \n\t\t<\/div>\n\t\t<!-- END MasterSlider -->\n\n\t\t<script>\n\t\t( window.MSReady = window.MSReady || [] ).push( function( $ ) {\n\n\t\t\t\"use strict\";\n\t\t\tvar masterslider_7643 = new MasterSlider();\n\n\t\t\t\/\/ slider controls\n\t\t\tmasterslider_7643.control('arrows'     ,{ autohide:true, overVideo:true  });\n\t\t\t\/\/ slider setup\n\t\t\tmasterslider_7643.setup(\"MS578e5a81b7643\", {\n\t\t\t\twidth           : 1200,\n\t\t\t\theight          : 350,\n\t\t\t\tminHeight       : 0,\n\t\t\t\tspace           : 0,\n\t\t\t\tstart           : 1,\n\t\t\t\tgrabCursor      : true,\n\t\t\t\tswipe           : true,\n\t\t\t\tmouse           : true,\n\t\t\t\tkeyboard        : false,\n\t\t\t\tlayout          : \"fullwidth\",\n\t\t\t\twheel           : false,\n\t\t\t\tautoplay        : true,\n\t\t\t\tinstantStartLayers:true,\n\t\t\t\tloop            : false,\n\t\t\t\tshuffle         : false,\n\t\t\t\tpreload         : 2,\n\t\t\t\theightLimit     : true,\n\t\t\t\tautoHeight      : false,\n\t\t\t\tsmoothHeight    : true,\n\t\t\t\tendPause        : false,\n\t\t\t\toverPause       : true,\n\t\t\t\tfillMode        : \"fill\",\n\t\t\t\tcenterControls  : false,\n\t\t\t\tstartOnAppear   : false,\n\t\t\t\tlayersMode      : \"center\",\n\t\t\t\tautofillTarget  : \"\",\n\t\t\t\thideLayers      : false,\n\t\t\t\tfullscreenMargin: 0,\n\t\t\t\tspeed           : 35,\n\t\t\t\tdir             : \"h\",\n\t\t\t\tparallaxMode    : 'swipe',\n\t\t\t\tview            : \"fade\"\n\t\t\t});\n\n\t\t\t\n\t\t\t$(\"head\").append( \"<link rel='stylesheet' id='ms-fonts'  href='\/\/fonts.googleapis.com\/css?family=Open+Sans:600,regular' type='text\/css' media='all' \/>\" );\n\n\t\t\twindow.masterslider_instances = window.masterslider_instances || [];\n\t\t\twindow.masterslider_instances.push( masterslider_7643 );\n\t\t});\n\t\t<\/script>\n\n<\/div>[\/vc_column][\/vc_row][vc_row][vc_column][vc_empty_space][\/vc_column][\/vc_row][vc_row][vc_column width=&#8221;1\/3&#8243;]<div class=\"aio-icon-component    style_2\"><div id=\"Info-box-wrap-3551\" class=\"aio-icon-box left-icon\" style=\"\"  ><div class=\"aio-icon-left\"><div class=\"ult-just-icon-wrapper  \"><div class=\"align-icon\" style=\"text-align:center;\">\n<div class=\"aio-icon none \"  style=\"color:#124159;font-size:64px;display:inline-block;\">\n\t<i class=\"Defaults-globe\"><\/i>\n<\/div><\/div><\/div><\/div><div class=\"aio-ibd-block\"><div class=\"aio-icon-header\" ><h3 class=\"aio-icon-title ult-responsive\"  data-ultimate-target='#Info-box-wrap-3551 .aio-icon-title'  data-responsive-json-new='{\"font-size\":\"\",\"line-height\":\"\"}'  style=\"\">PRESEN\u00c7A NO MUNDO<\/h3><\/div> <!-- header --><div class=\"aio-icon-description ult-responsive\"  data-ultimate-target='#Info-box-wrap-3551 .aio-icon-description'  data-responsive-json-new='{\"font-size\":\"\",\"line-height\":\"\"}'  style=\"\">Diversidade e internacionaliza\u00e7\u00e3o: diversificamos a nossa oferta tanto para os diversos mercados nacionais como para os internacionais.<\/p>\n<p><a href=\"http:\/\/www.nogway.com\/nogway-world-2\/?lang=pt\">MAIS<\/a><\/div> <!-- description --><\/div> <!-- aio-ibd-block --><\/div> <!-- aio-icon-box --><\/div> <!-- aio-icon-component -->[\/vc_column][vc_column width=&#8221;1\/3&#8243;]<div class=\"aio-icon-component    style_2\"><div id=\"Info-box-wrap-7837\" class=\"aio-icon-box left-icon\" style=\"\"  ><div class=\"aio-icon-left\"><div class=\"ult-just-icon-wrapper  \"><div class=\"align-icon\" style=\"text-align:center;\">\n<div class=\"aio-icon none \"  style=\"color:#124159;font-size:64px;display:inline-block;\">\n\t<i class=\"Defaults-folder-open\"><\/i>\n<\/div><\/div><\/div><\/div><div class=\"aio-ibd-block\"><div class=\"aio-icon-header\" ><h3 class=\"aio-icon-title ult-responsive\"  data-ultimate-target='#Info-box-wrap-7837 .aio-icon-title'  data-responsive-json-new='{\"font-size\":\"\",\"line-height\":\"\"}'  style=\"\">PORTFOLIO<\/h3><\/div> <!-- header --><div class=\"aio-icon-description ult-responsive\"  data-ultimate-target='#Info-box-wrap-7837 .aio-icon-description'  data-responsive-json-new='{\"font-size\":\"\",\"line-height\":\"\"}'  style=\"\">Temos os melhores t\u00e9cnicos no mercado para diferentes \u00e1reas, incluindo estruturas, renova\u00e7\u00e3o, reabilita\u00e7\u00e3o, obras de arte e manuten\u00e7\u00e3o.<\/p>\n<p><a href=\"http:\/\/www.nogway.com\/portfolios\/\">MAIS<\/a><\/div> <!-- description --><\/div> <!-- aio-ibd-block --><\/div> <!-- aio-icon-box --><\/div> <!-- aio-icon-component -->[\/vc_column][vc_column width=&#8221;1\/3&#8243;]<div class=\"aio-icon-component    style_2\"><div id=\"Info-box-wrap-1607\" class=\"aio-icon-box left-icon\" style=\"\"  ><div class=\"aio-icon-left\"><div class=\"ult-just-icon-wrapper  \"><div class=\"align-icon\" style=\"text-align:center;\">\n<div class=\"aio-icon none \"  style=\"color:#124159;font-size:64px;display:inline-block;\">\n\t<i class=\"Defaults-building\"><\/i>\n<\/div><\/div><\/div><\/div><div class=\"aio-ibd-block\"><div class=\"aio-icon-header\" ><h3 class=\"aio-icon-title ult-responsive\"  data-ultimate-target='#Info-box-wrap-1607 .aio-icon-title'  data-responsive-json-new='{\"font-size\":\"\",\"line-height\":\"\"}'  style=\"\">SERVI\u00c7OS<\/h3><\/div> <!-- header --><div class=\"aio-icon-description ult-responsive\"  data-ultimate-target='#Info-box-wrap-1607 .aio-icon-description'  data-responsive-json-new='{\"font-size\":\"\",\"line-height\":\"\"}'  style=\"\">Procuramos de forma constante e numa rela\u00e7\u00e3o de parceria com os nossos clientes ganhar ainda maior visibilidade no panorama nacional e internacional no sector da Constru\u00e7\u00e3o Civil.<br \/>\n<a href=\"http:\/\/www.nogway.com\/servicios\/\">MAIS<\/a><\/div> <!-- description --><\/div> <!-- aio-ibd-block --><\/div> <!-- aio-icon-box --><\/div> <!-- aio-icon-component -->[\/vc_column][\/vc_row][vc_row][vc_column][vc_empty_space][\/vc_column][\/vc_row][vc_row bg_type=&#8221;no_bg&#8221;][vc_column width=&#8221;1\/2&#8243; offset=&#8221;vc_col-md-8&#8243;][vc_custom_heading text=&#8221;<strong>NOGWAY<\/strong> S.A&#8221; font_container=&#8221;tag:h3|text_align:left&#8221; use_theme_fonts=&#8221;yes&#8221; skin=&#8221;primary&#8221; el_class=&#8221;text-uppercase&#8221;][vc_column_text]<strong>NOGWAY, S.A.<\/strong>, registada no d\u00e9cimo Circuito notarial do Panam\u00e1, com um capital social de 200.000\u20ac.<br \/>\nSomos uma empresa de constru\u00e7\u00e3o profissional e flex\u00edvel, especializada em todas as \u00e1reas de constru\u00e7\u00e3o civil e obras p\u00fablicas, tendo exercido a sua actividade para outros construtores e empreiteiros, com t\u00e9cnicos superiores \u00fanicos que compartilham o sonho da constru\u00e7\u00e3o e ajudam a realiz\u00e1-los do modo que o cliente deseja.<br \/>\n\u00c9 por isso que o cliente obt\u00e9m sempre uma solu\u00e7\u00e3o \u00e0 medida das suas exig\u00eancias, indo ao encontro das suas necessidades.[\/vc_column_text][vc_column_text]<\/p>\n<h4>MISS\u00c3O<\/h4>\n<p>[\/vc_column_text][vc_column_text]Somos uma empresa de constru\u00e7\u00e3o s\u00e9ria e flex\u00edvel que possui uma mais valia nos seus colaboradores especializados. Desejamos criar la\u00e7os duradouros com os nossos clientes, queremos ser um parceiro s\u00f3lido e confi\u00e1vel, a fim de satisfazer os nossos clientes a curto, m\u00e9dio e longo prazo. Temos os melhores t\u00e9cnicos no mercado para diferentes \u00e1reas, incluindo estruturas, renova\u00e7\u00e3o, reabilita\u00e7\u00e3o, obras de arte e manuten\u00e7\u00e3o. O nosso conceito baseia-se nas atividades do empreiteiro geral e subcontratados, garantindo n\u00edveis de produtividade exigidos e assegurando ao nosso cliente a manuten\u00e7\u00e3o dos trabalhos, apresentando solu\u00e7\u00f5es &#8220;just-in-time&#8221; especializadas para cada caso.[\/vc_column_text][vc_column_text]<\/p>\n<h4>VIS\u00c3O<\/h4>\n<p>[\/vc_column_text][vc_column_text]Procuramos de forma constante e numa rela\u00e7\u00e3o de parceria com os nossos clientes ganhar ainda maior visibilidade no panorama nacional e internacional no sector da Constru\u00e7\u00e3o Civil, para continuamente crescer como uma empresa onde reina uma cultura de aprendizagem, criatividade e qualidade.[\/vc_column_text][\/vc_column][vc_column width=&#8221;1\/2&#8243; offset=&#8221;vc_col-md-4&#8243;][vc_empty_space][vc_single_image image=&#8221;4493&#8243; img_size=&#8221;medium&#8221; css=&#8221;.vc_custom_1468318425997{margin-top: 40px !important;}&#8221;][vc_single_image image=&#8221;4480&#8243; img_size=&#8221;medium&#8221; css=&#8221;.vc_custom_1468318318918{margin-top: 40px !important;}&#8221;][\/vc_column][\/vc_row][vc_row][vc_column width=&#8221;2\/3&#8243;][vc_column_text]<\/p>\n<h4>VALORES<\/h4>\n<p>[\/vc_column_text][vc_column_text]Cultura de Aprendizagem: procuramos constantemente aperfei\u00e7oar o \u201cmodus fazendi\u201d com o objetivo de oferecer aos nossos clientes as melhores solu\u00e7\u00f5es mediante as necessidades que nos apresentam;[\/vc_column_text][vc_column_text]Colaboradores \u00fanicos: a qualidade oferecida aos nossos clientes \u00e9 poss\u00edvel devido \u00e0 qualidade dos nossos colaboradores. Os conhecimentos t\u00e9cnicos, a experi\u00eancia profissional, a organiza\u00e7\u00e3o, o empenho, a comunica\u00e7\u00e3o com o cliente, leva o seu projeto ao \u00eaxito;[\/vc_column_text][vc_column_text]Fidelidade ao cliente: A satisfa\u00e7\u00e3o do cliente \u00e9 o nosso desafio di\u00e1rio, do qual nos orgulhamos. Cada projeto dos nossos clientes \u00e9 tamb\u00e9m o nosso projeto e somos parceiros na constru\u00e7\u00e3o dos mesmos. Compartilhamos o nosso futuro com os nossos clientes, crescendo quando estes crescem e ganhando quando eles ganham;[\/vc_column_text][vc_column_text]Variedade de oferta: o cliente encontra t\u00e9cnicos superiores especializados, valores competitivos e respostas \u00e0s necessidades nas diferentes fases e tipos de constru\u00e7\u00e3o.[\/vc_column_text][vc_column_text]Diversidade e internacionaliza\u00e7\u00e3o: diversificamos a nossa oferta tanto para os diversos mercados nacionais como para os internacionais.[\/vc_column_text][\/vc_column][vc_column width=&#8221;1\/3&#8243;][vc_empty_space][vc_single_image image=&#8221;4457&#8243; img_size=&#8221;medium&#8221;][vc_single_image image=&#8221;3865&#8243; img_size=&#8221;medium&#8221;][\/vc_column][\/vc_row][vc_row][vc_column][vc_empty_space][\/vc_column][\/vc_row]<\/p>","protected":false},"excerpt":{"rendered":"<p>[vc_row][vc_column][\/vc_column][\/vc_row][vc_row][vc_column][vc_empty_space][\/vc_column][\/vc_row][vc_row][vc_column width=&#8221;1\/3&#8243;][\/vc_column][vc_column width=&#8221;1\/3&#8243;][\/vc_column][vc_column width=&#8221;1\/3&#8243;][\/vc_column][\/vc_row][vc_row][vc_column][vc_empty_space][\/vc_column][\/vc_row][vc_row bg_type=&#8221;no_bg&#8221;][vc_column width=&#8221;1\/2&#8243; offset=&#8221;vc_col-md-8&#8243;][vc_custom_heading text=&#8221;NOGWAY S.A&#8221; font_container=&#8221;tag:h3|text_align:left&#8221; use_theme_fonts=&#8221;yes&#8221; skin=&#8221;primary&#8221; el_class=&#8221;text-uppercase&#8221;][vc_column_text]NOGWAY, S.A., registada no d\u00e9cimo Circuito notarial do [&hellip;]<\/p>\n","protected":false},"author":2,"featured_media":0,"parent":0,"menu_order":0,"comment_status":"closed","ping_status":"closed","template":"","meta":{"footnotes":""},"_links":{"self":[{"href":"https:\/\/www.nogway.com\/pt\/wp-json\/wp\/v2\/pages\/174"}],"collection":[{"href":"https:\/\/www.nogway.com\/pt\/wp-json\/wp\/v2\/pages"}],"about":[{"href":"https:\/\/www.nogway.com\/pt\/wp-json\/wp\/v2\/types\/page"}],"author":[{"embeddable":true,"href":"https:\/\/www.nogway.com\/pt\/wp-json\/wp\/v2\/users\/2"}],"replies":[{"embeddable":true,"href":"https:\/\/www.nogway.com\/pt\/wp-json\/wp\/v2\/comments?post=174"}],"version-history":[{"count":107,"href":"https:\/\/www.nogway.com\/pt\/wp-json\/wp\/v2\/pages\/174\/revisions"}],"predecessor-version":[{"id":4806,"href":"https:\/\/www.nogway.com\/pt\/wp-json\/wp\/v2\/pages\/174\/revisions\/4806"}],"wp:attachment":[{"href":"https:\/\/www.nogway.com\/pt\/wp-json\/wp\/v2\/media?parent=174"}],"curies":[{"name":"wp","href":"https:\/\/api.w.org\/{rel}","templated":true}]}}