{"id":6550,"date":"2024-07-09T21:54:18","date_gmt":"2024-07-09T21:54:18","guid":{"rendered":"https:\/\/www.nogway.com\/?page_id=6550"},"modified":"2024-07-17T22:34:35","modified_gmt":"2024-07-17T22:34:35","slug":"emprego","status":"publish","type":"page","link":"https:\/\/www.nogway.com\/fr\/emprego\/","title":{"rendered":"Emploi"},"content":{"rendered":"<p>[vc_row full_width=&#8221;stretch_row_content_no_spaces&#8221; css=&#8221;.vc_custom_1443107716300{margin-top: 0px !important;margin-bottom: 0px !important;}&#8221;][vc_column]<div class=\"avt_masterslider_el \" >\n\t\t<!-- MasterSlider -->\n\t\t<div id=\"P_MS668f280a40a78\" class=\"master-slider-parent ms-parent-id-55\"  >\n\n\t\t\t\n\t\t\t<!-- MasterSlider Main -->\n\t\t\t<div id=\"MS668f280a40a78\" class=\"master-slider ms-skin-light-3\" >\n\t\t\t\t \t\t\t\t \n\t\t\t<div  class=\"ms-slide\" data-delay=\"4\" data-fill-mode=\"fill\"  >\n\t\t\t\t\t<img decoding=\"async\" src=\"https:\/\/www.nogway.com\/wp-content\/plugins\/masterslider\/public\/assets\/css\/blank.gif\" alt=\"\" title=\"slideshow2\" data-src=\"https:\/\/www.nogway.com\/wp-content\/uploads\/2024\/07\/img1-scaled.jpg\" \/>\n\n\t\t\t\t\t<div  class=\"ms-layer  msp-preset-6\" style=\"\"   data-effect=\"t(true,n,n,n,n,n,n,n,n,n,n,n,n,n,n)\"   data-ease=\"easeOutQuint\"                data-offset-x=\"-3\" data-offset-y=\"50\" data-origin=\"mc\" data-position=\"normal\" >\nNOGWAY VOUS CHERCHE<\/div>\n\n\t\t\t\t\t<div  class=\"ms-layer  msp-preset-5\" style=\"\"   data-effect=\"t(true,n,n,n,n,n,n,n,n,n,n,n,n,n,n)\"   data-ease=\"easeOutQuint\"                data-offset-x=\"-6\" data-offset-y=\"0\" data-origin=\"mc\" data-position=\"normal\" >\nVENEZ TRAVAILLER DANS UNE \u00c9QUIPE D'EXCELLENCE<\/div>\n\n\n\t\t\t\t<\/div>\n\n\t\t\t<\/div>\n\t\t\t<!-- END MasterSlider Main -->\n\n\t\t\t \n\t\t<\/div>\n\t\t<!-- END MasterSlider -->\n\n\t\t<script>\n\t\t( window.MSReady = window.MSReady || [] ).push( function( $ ) {\n\n\t\t\t\"use strict\";\n\t\t\tvar masterslider_0a78 = new MasterSlider();\n\n\t\t\t\/\/ slider controls\n\t\t\tmasterslider_0a78.control('arrows'     ,{ autohide:true, overVideo:true  });\n\t\t\t\/\/ slider setup\n\t\t\tmasterslider_0a78.setup(\"MS668f280a40a78\", {\n\t\t\t\twidth           : 1200,\n\t\t\t\theight          : 350,\n\t\t\t\tminHeight       : 0,\n\t\t\t\tspace           : 0,\n\t\t\t\tstart           : 1,\n\t\t\t\tgrabCursor      : true,\n\t\t\t\tswipe           : true,\n\t\t\t\tmouse           : true,\n\t\t\t\tkeyboard        : false,\n\t\t\t\tlayout          : \"fullwidth\",\n\t\t\t\twheel           : false,\n\t\t\t\tautoplay        : true,\n\t\t\t\tinstantStartLayers:true,\n\t\t\t\tloop            : false,\n\t\t\t\tshuffle         : false,\n\t\t\t\tpreload         : 2,\n\t\t\t\theightLimit     : true,\n\t\t\t\tautoHeight      : false,\n\t\t\t\tsmoothHeight    : true,\n\t\t\t\tendPause        : false,\n\t\t\t\toverPause       : true,\n\t\t\t\tfillMode        : \"fill\",\n\t\t\t\tcenterControls  : false,\n\t\t\t\tstartOnAppear   : false,\n\t\t\t\tlayersMode      : \"center\",\n\t\t\t\tautofillTarget  : \"\",\n\t\t\t\thideLayers      : false,\n\t\t\t\tfullscreenMargin: 0,\n\t\t\t\tspeed           : 35,\n\t\t\t\tdir             : \"h\",\n\t\t\t\tparallaxMode    : 'swipe',\n\t\t\t\tview            : \"fade\"\n\t\t\t});\n\n\t\t\t\n\t\t\t$(\"head\").append( \"<link rel='stylesheet' id='ms-fonts'  href='\/\/fonts.googleapis.com\/css?family=Open+Sans:600,regular' type='text\/css' media='all' \/>\" );\n\n\t\t\twindow.masterslider_instances = window.masterslider_instances || [];\n\t\t\twindow.masterslider_instances.push( masterslider_0a78 );\n\t\t});\n\t\t<\/script>\n\n<\/div>[vc_empty_space][\/vc_column][\/vc_row][vc_row wrap_container=&#8221;yes&#8221;][vc_column][vc_custom_heading text=&#8221;<strong>VENEZ TRAVAILLER POUR LE GROUPE NOGWAY<\/strong>&#8221; font_container=&#8221;tag:h4|text_align:left|color:%23f15a24&#8243; use_theme_fonts=&#8221;yes&#8221; skin=&#8221;primary&#8221; el_class=&#8221;m-t&#8221;][vc_column_text]Pour postuler \u00e0 un poste dans notre entreprise, remplissez les champs ci-dessous et envoyez-nous votre message.[\/vc_column_text]\n<div class=\"wpcf7 no-js\" id=\"wpcf7-f6762-o4\" lang=\"en-US\" dir=\"ltr\">\n<div class=\"screen-reader-response\"><p role=\"status\" aria-live=\"polite\" aria-atomic=\"true\"><\/p> <ul><\/ul><\/div>\n<form action=\"\/fr\/wp-json\/wp\/v2\/pages\/6550#wpcf7-f6762-o4\" method=\"post\" class=\"wpcf7-form init\" aria-label=\"Contact form\" enctype=\"multipart\/form-data\" novalidate=\"novalidate\" data-status=\"init\">\n<div style=\"display: none;\">\n<input type=\"hidden\" name=\"_wpcf7\" value=\"6762\" \/>\n<input type=\"hidden\" name=\"_wpcf7_version\" value=\"5.9.8\" \/>\n<input type=\"hidden\" name=\"_wpcf7_locale\" value=\"en_US\" \/>\n<input type=\"hidden\" name=\"_wpcf7_unit_tag\" value=\"wpcf7-f6762-o4\" \/>\n<input type=\"hidden\" name=\"_wpcf7_container_post\" value=\"0\" \/>\n<input type=\"hidden\" name=\"_wpcf7_posted_data_hash\" value=\"\" \/>\n<input type=\"hidden\" name=\"_wpcf7_recaptcha_response\" value=\"\" \/>\n<\/div>\n<div class=\"row\">\n\t<div class=\"col-md-6\">\n\t\t<div class=\"form-group\">\n\t\t\t<p><label for=\"contact-name\">NOM ET PR\u00c9NOM*<\/label><br \/>\n<span class=\"wpcf7-form-control-wrap\" data-name=\"your-Nome\"><input size=\"40\" maxlength=\"400\" class=\"wpcf7-form-control wpcf7-text wpcf7-validates-as-required form-control\" aria-required=\"true\" aria-invalid=\"false\" value=\"\" type=\"text\" name=\"your-Nome\" \/><\/span> Saisissez votre nom complet\n\t\t\t<\/p>\n\t\t<\/div>\n\t<\/div>\n\t<div class=\"col-md-6\">\n\t\t<div class=\"form-group\">\n\t\t\t<p><label for=\"contact-subject\">NATIONALIT\u00c9*<\/label><br \/>\n<span class=\"wpcf7-form-control-wrap\" data-name=\"your-Nacionalidade\"><input size=\"40\" maxlength=\"400\" class=\"wpcf7-form-control wpcf7-text wpcf7-validates-as-required form-control\" aria-required=\"true\" aria-invalid=\"false\" value=\"\" type=\"text\" name=\"your-Nacionalidade\" \/><\/span> Indiquez votre nationalit\u00e9\n\t\t\t<\/p>\n\t\t<\/div>\n\t<\/div>\n\t<div class=\"col-md-6\">\n\t\t<div class=\"form-group\">\n\t\t\t<p><label for=\"contact-subject\">TELEPHONE*<\/label><br \/>\n<span class=\"wpcf7-form-control-wrap\" data-name=\"your-Telemovel\"><input size=\"40\" maxlength=\"400\" class=\"wpcf7-form-control wpcf7-tel wpcf7-validates-as-required wpcf7-text wpcf7-validates-as-tel form-control\" aria-required=\"true\" aria-invalid=\"false\" value=\"\" type=\"tel\" name=\"your-Telemovel\" \/><\/span> Saisissez votre t\u00e9l\u00e9phone\n\t\t\t<\/p>\n\t\t<\/div>\n\t<\/div>\n\t<div class=\"col-md-6\">\n\t\t<div class=\"form-group\">\n\t\t\t<p><label for=\"contact-subject\">AVEZ-VOUS UNE MANIFESTATION D'INT\u00c9R\u00caT OU UN VISA DE TRAVAIL ?*<\/label><br \/>\n<span class=\"wpcf7-form-control-wrap\" data-name=\"your-Manif\"><select class=\"wpcf7-form-control wpcf7-select wpcf7-validates-as-required form-control\" aria-required=\"true\" aria-invalid=\"false\" name=\"your-Manif\"><option value=\"\">&#8212;Please choose an option&#8212;<\/option><option value=\"OUI\">OUI<\/option><option value=\"NON\">NON<\/option><\/select><\/span> Oui ou Non (applicable aux citoyens \u00e9trangers)\n\t\t\t<\/p>\n\t\t<\/div>\n\t<\/div>\n\t<div class=\"col-md-6\">\n\t\t<div class=\"form-group\">\n\t\t\t<p><label for=\"contact-subject\">EMAIL*<\/label><br \/>\n<span class=\"wpcf7-form-control-wrap\" data-name=\"your-Email\"><input size=\"40\" maxlength=\"400\" class=\"wpcf7-form-control wpcf7-email wpcf7-validates-as-required wpcf7-text wpcf7-validates-as-email form-control\" aria-required=\"true\" aria-invalid=\"false\" value=\"\" type=\"email\" name=\"your-Email\" \/><\/span> Saisissez votre adresse email\n\t\t\t<\/p>\n\t\t<\/div>\n\t<\/div>\n\t<div class=\"col-md-6\">\n\t\t<div class=\"form-group\">\n\t\t\t<p><label for=\"contact-subject\">AVEZ-VOUS UN PERMIS DE S\u00c9JOUR?*<\/label><br \/>\n<span class=\"wpcf7-form-control-wrap\" data-name=\"your-Residencia\"><select class=\"wpcf7-form-control wpcf7-select wpcf7-validates-as-required form-control\" aria-required=\"true\" aria-invalid=\"false\" name=\"your-Residencia\"><option value=\"\">&#8212;Please choose an option&#8212;<\/option><option value=\"OUI\">OUI<\/option><option value=\"NON\">NON<\/option><\/select><\/span> Oui ou Non (Applicable aux citoyens \u00e9trangers)\n\t\t\t<\/p>\n\t\t<\/div>\n\t<\/div>\n\t<div class=\"col-md-6\">\n\t\t<div class=\"form-group\">\n\t\t\t<p><label for=\"contact-subject\">ADRESSE*<\/label><br \/>\n<span class=\"wpcf7-form-control-wrap\" data-name=\"your-Morada\"><input size=\"40\" maxlength=\"400\" class=\"wpcf7-form-control wpcf7-text wpcf7-validates-as-required form-control\" aria-required=\"true\" aria-invalid=\"false\" value=\"\" type=\"text\" name=\"your-Morada\" \/><\/span> Adresse actuelle\n\t\t\t<\/p>\n\t\t<\/div>\n\t<\/div>\n\t<div class=\"col-md-6\">\n\t\t<div class=\"form-group\">\n\t\t\t<p><label for=\"contact-subject\">PROFESSION*<\/label><br \/>\n<span class=\"wpcf7-form-control-wrap\" data-name=\"your-Profissao\"><select class=\"wpcf7-form-control wpcf7-select wpcf7-validates-as-required form-control\" aria-required=\"true\" aria-invalid=\"false\" name=\"your-Profissao\"><option value=\"\">&#8212;Please choose an option&#8212;<\/option><option value=\"AIDE OU DOMESTIQUE\">AIDE OU DOMESTIQUE<\/option><option value=\"FERRONNIER\">FERRONNIER<\/option><option value=\"MAGASINIER\">MAGASINIER<\/option><option value=\"PLOMBIER\">PLOMBIER<\/option><option value=\"CHARPENTIER\">CHARPENTIER<\/option><option value=\"CHARPENTIER COFFREUR\">CHARPENTIER COFFREUR<\/option><option value=\"CHARPENTIER NETTOYEUR\">CHARPENTIER NETTOYEUR<\/option><option value=\"CHEF D&#039;\u00c9QUIPE\">CHEF D&#039;\u00c9QUIPE<\/option><option value=\"CHEF D&#039;\u00c9QUIPE FINITION\">CHEF D&#039;\u00c9QUIPE FINITION<\/option><option value=\"CHEF D&#039;\u00c9QUIPE COFFRAGE\">CHEF D&#039;\u00c9QUIPE COFFRAGE<\/option><option value=\"CHEF D&#039;\u00c9QUIPE FERRONNERIE\">CHEF D&#039;\u00c9QUIPE FERRONNERIE<\/option><option value=\"\u00c9LECTRICIEN\">\u00c9LECTRICIEN<\/option><option value=\"CONTREMA\u00ceTRE\">CONTREMA\u00ceTRE<\/option><option value=\"CONTREMA\u00ceTRE CONSTRUCTION\">CONTREMA\u00ceTRE CONSTRUCTION<\/option><option value=\"PL\u00c2TRIER\">PL\u00c2TRIER<\/option><option value=\"OUTILLEUR\">OUTILLEUR<\/option><option value=\"GRUISTE\">GRUISTE<\/option><option value=\"CARRELEUR\">CARRELEUR<\/option><option value=\"SHUNTER\">SHUNTER<\/option><option value=\"SHUNTER BULLDOZER\">SHUNTER BULLDOZER<\/option><option value=\"SHUNTER DUMPER\">SHUNTER DUMPER<\/option><option value=\"SHUNTER FORKLIFT\">SHUNTER FORKLIFT<\/option><option value=\"SHUNTER ROTARY EXCAVATOR\">SHUNTER ROTARY EXCAVATOR<\/option><option value=\"SHUNTER MANITOU\">SHUNTER MANITOU<\/option><option value=\"SHUNTER MINI ROTARY\">SHUNTER MINI ROTARY<\/option><option value=\"SHUNTER BACKHOE LOADER\">SHUNTER BACKHOE LOADER<\/option><option value=\"SHUNTER TRACTOR\">SHUNTER TRACTOR<\/option><option value=\"HAMMER\">HAMMER<\/option><option value=\"IRON MOULDER\">IRON MOULDER<\/option><option value=\"SCAFFOLD ERECTOR\">SCAFFOLD ERECTOR<\/option><option value=\"PLASTERBOARD ERECTOR\">PLASTERBOARD ERECTOR<\/option><option value=\"DRIVER\">DRIVER<\/option><option value=\"BRICKLAYER\">BRICKLAYER<\/option><option value=\"PAINTER\">PAINTER<\/option><option value=\"WELDER\">WELDER<\/option><option value=\"OTHER CATEGORIES\">OTHER CATEGORIES<\/option><\/select><\/span> Choisissez une cat\u00e9gorie dans la liste\n\t\t\t<\/p>\n\t\t<\/div>\n\t<\/div>\n\t<div class=\"col-md-6\">\n\t\t<div class=\"form-group\">\n\t\t\t<p><label for=\"contact-subject\">DOCUMENT D'IDENTIT\u00c9*<\/label><br \/>\n<span class=\"wpcf7-form-control-wrap\" data-name=\"your-Doc\"><input size=\"40\" maxlength=\"400\" class=\"wpcf7-form-control wpcf7-text wpcf7-validates-as-required form-control\" aria-required=\"true\" aria-invalid=\"false\" value=\"\" type=\"text\" name=\"your-Doc\" \/><\/span> Carte d'identit\u00e9 ou passeport\n\t\t\t<\/p>\n\t\t<\/div>\n\t<\/div>\n\t<div class=\"col-md-6\">\n\t\t<div class=\"form-group\">\n\t\t\t<p><label for=\"contact-subject\">AVEZ-VOUS UNE CARTE EUROP\u00c9ENNE D'ASSURANCE MALADIE ?*<\/label><br \/>\n<span class=\"wpcf7-form-control-wrap\" data-name=\"your-Cartao\"><select class=\"wpcf7-form-control wpcf7-select wpcf7-validates-as-required form-control\" aria-required=\"true\" aria-invalid=\"false\" name=\"your-Cartao\"><option value=\"\">&#8212;Please choose an option&#8212;<\/option><option value=\"OUI\">OUI<\/option><option value=\"NON\">NON<\/option><\/select><\/span> Oui ou Non (Applicable aux citoyens \u00e9trangers)\n\t\t\t<\/p>\n\t\t<\/div>\n\t<\/div>\n\t<div class=\"col-md-6\">\n\t\t<div class=\"form-group\">\n\t\t\t<p><label for=\"contact-subject\">PAYS DE PR\u00c9DILECTION POUR TRAVAILLER*<\/label><br \/>\n<span class=\"wpcf7-form-control-wrap\" data-name=\"your-Pais\"><input size=\"40\" maxlength=\"400\" class=\"wpcf7-form-control wpcf7-text wpcf7-validates-as-required form-control\" aria-required=\"true\" aria-invalid=\"false\" value=\"\" type=\"text\" name=\"your-Pais\" \/><\/span> Indiquez votre pays de travail pr\u00e9f\u00e9r\u00e9\n\t\t\t<\/p>\n\t\t<\/div>\n\t<\/div>\n\t<div class=\"col-md-6\">\n\t\t<div class=\"form-group\">\n\t\t\t<p><label for=\"contact-subject\">DISPONIBILIT\u00c9*<\/label><br \/>\n<span class=\"wpcf7-form-control-wrap\" data-name=\"your-Disponibilidade\"><select class=\"wpcf7-form-control wpcf7-select wpcf7-validates-as-required form-control\" aria-required=\"true\" aria-invalid=\"false\" name=\"your-Disponibilidade\"><option value=\"\">&#8212;Please choose an option&#8212;<\/option><option value=\"IMM\u00c9DIAT\">IMM\u00c9DIAT<\/option><option value=\"1 SEMAINE\">1 SEMAINE<\/option><option value=\"2 SEMAINES\">2 SEMAINES<\/option><option value=\"1 MOIS\">1 MOIS<\/option><\/select><\/span> Choisissez l'option en fonction de vos disponibilit\u00e9s\n\t\t\t<\/p>\n\t\t<\/div>\n\t<\/div>\n\t<div class=\"col-md-6\">\n\t\t<div class=\"form-group\">\n\t\t\t<p><label for=\"contact-subject\">ANN\u00c9ES D'EXP\u00c9RIENCE*<\/label><br \/>\n<span class=\"wpcf7-form-control-wrap\" data-name=\"your-Experiencia\"><input size=\"40\" maxlength=\"400\" class=\"wpcf7-form-control wpcf7-text wpcf7-validates-as-required form-control\" aria-required=\"true\" aria-invalid=\"false\" value=\"\" type=\"text\" name=\"your-Experiencia\" \/><\/span> Indiquer le nombre d'ann\u00e9es d'exp\u00e9rience\n\t\t\t<\/p>\n\t\t<\/div>\n\t<\/div>\n\t<div class=\"col-md-6\">\n\t\t<div class=\"form-group\">\n\t\t\t<p><label for=\"contact-subject\">CURRICULUM VITAE<\/label><br \/>\n<span class=\"wpcf7-form-control-wrap\" data-name=\"Anexo\"><input size=\"40\" class=\"wpcf7-form-control wpcf7-file\" accept=\".pdf,.doc,.docx,.jpg,.png\" aria-invalid=\"false\" type=\"file\" name=\"Anexo\" \/><\/span> Formats reconnus .doc .pdf .png .jpg\n\t\t\t<\/p>\n\t\t<\/div>\n\t<\/div>\n\t<div class=\"col-md-12\">\n\t\t<div class=\"form-group\">\n\t\t\t<p><label for=\"contact-subject\">MESSAGE<\/label><br \/>\n<span class=\"wpcf7-form-control-wrap\" data-name=\"Mensagem\"><textarea cols=\"40\" rows=\"10\" maxlength=\"2000\" class=\"wpcf7-form-control wpcf7-textarea wpcf7-validates-as-required form-control\" aria-required=\"true\" aria-invalid=\"false\" name=\"Mensagem\"><\/textarea><\/span> Laisser un message\n\t\t\t<\/p>\n\t\t<\/div>\n\t<\/div>\n\t<div class=\"col-md-12\">\n\t\t<div class=\"form-group\">\n\t\t\n\t\t<\/div>\n\t<\/div>\n\t<div class=\"col-md-12\">\n\t\t<div class=\"form-group\">\n\t\t\t<p><input class=\"wpcf7-form-control wpcf7-submit has-spinner btn btn-primary btn-lg\" type=\"submit\" value=\"ENVOYER\" \/>\n\t\t\t<\/p>\n\t\t<\/div>\n\t<\/div>\n<\/div><p style=\"display: none !important;\" class=\"akismet-fields-container\" data-prefix=\"_wpcf7_ak_\"><label>&#916;<textarea name=\"_wpcf7_ak_hp_textarea\" cols=\"45\" rows=\"8\" maxlength=\"100\"><\/textarea><\/label><input type=\"hidden\" id=\"ak_js_4\" name=\"_wpcf7_ak_js\" value=\"63\"\/><script type=\"text\/javascript\">\n\/* <![CDATA[ *\/\ndocument.getElementById( \"ak_js_4\" ).setAttribute( \"value\", ( new Date() ).getTime() );\n\/* ]]> *\/\n<\/script>\n<\/p><div class=\"wpcf7-response-output\" aria-hidden=\"true\"><\/div>\n<\/form>\n<\/div>\n[\/vc_column][\/vc_row]<\/p>","protected":false},"excerpt":{"rendered":"<p>[vc_row full_width=&#8221;stretch_row_content_no_spaces&#8221; css=&#8221;.vc_custom_1443107716300{margin-top: 0px !important;margin-bottom: 0px !important;}&#8221;][vc_column][vc_empty_space][\/vc_column][\/vc_row][vc_row wrap_container=&#8221;yes&#8221;][vc_column][vc_custom_heading text=&#8221;VENEZ TRAVAILLER POUR LE GROUPE NOGWAY&#8221; font_container=&#8221;tag:h4|text_align:left|color:%23f15a24&#8243; use_theme_fonts=&#8221;yes&#8221; skin=&#8221;primary&#8221; el_class=&#8221;m-t&#8221;][vc_column_text]Pour postuler \u00e0 [&hellip;]<\/p>\n","protected":false},"author":9,"featured_media":0,"parent":0,"menu_order":0,"comment_status":"open","ping_status":"closed","template":"","meta":{"footnotes":""},"_links":{"self":[{"href":"https:\/\/www.nogway.com\/fr\/wp-json\/wp\/v2\/pages\/6550"}],"collection":[{"href":"https:\/\/www.nogway.com\/fr\/wp-json\/wp\/v2\/pages"}],"about":[{"href":"https:\/\/www.nogway.com\/fr\/wp-json\/wp\/v2\/types\/page"}],"author":[{"embeddable":true,"href":"https:\/\/www.nogway.com\/fr\/wp-json\/wp\/v2\/users\/9"}],"replies":[{"embeddable":true,"href":"https:\/\/www.nogway.com\/fr\/wp-json\/wp\/v2\/comments?post=6550"}],"version-history":[{"count":39,"href":"https:\/\/www.nogway.com\/fr\/wp-json\/wp\/v2\/pages\/6550\/revisions"}],"predecessor-version":[{"id":6888,"href":"https:\/\/www.nogway.com\/fr\/wp-json\/wp\/v2\/pages\/6550\/revisions\/6888"}],"wp:attachment":[{"href":"https:\/\/www.nogway.com\/fr\/wp-json\/wp\/v2\/media?parent=6550"}],"curies":[{"name":"wp","href":"https:\/\/api.w.org\/{rel}","templated":true}]}}