{"id":5171,"date":"2019-06-12T09:19:34","date_gmt":"2019-06-12T09:19:34","guid":{"rendered":"https:\/\/www.nogway.com\/?page_id=5171"},"modified":"2019-06-12T09:19:34","modified_gmt":"2019-06-12T09:19:34","slug":"declaracoes-liga-portuguesa-contra-o-cancro","status":"publish","type":"page","link":"https:\/\/www.nogway.com\/fr\/declaracoes-liga-portuguesa-contra-o-cancro\/","title":{"rendered":"(Portugu\u00eas) Declara\u00e7\u00f5es Liga Portuguesa contra o Cancro"},"content":{"rendered":"<p class=\"qtranxs-available-languages-message qtranxs-available-languages-message-fr\">D\u00e9sol\u00e9, cet article est seulement disponible en <a href=\"https:\/\/www.nogway.com\/pt\/wp-json\/wp\/v2\/pages\/5171\" class=\"qtranxs-available-language-link qtranxs-available-language-link-pt\" title=\"Portugu\u00eas\">Portugu\u00eas<\/a>.<\/p>","protected":false},"excerpt":{"rendered":"<p>D\u00e9sol\u00e9, cet article est seulement disponible en Portugu\u00eas.<\/p>\n","protected":false},"author":7,"featured_media":0,"parent":0,"menu_order":0,"comment_status":"closed","ping_status":"closed","template":"","meta":{"footnotes":""},"_links":{"self":[{"href":"https:\/\/www.nogway.com\/fr\/wp-json\/wp\/v2\/pages\/5171"}],"collection":[{"href":"https:\/\/www.nogway.com\/fr\/wp-json\/wp\/v2\/pages"}],"about":[{"href":"https:\/\/www.nogway.com\/fr\/wp-json\/wp\/v2\/types\/page"}],"author":[{"embeddable":true,"href":"https:\/\/www.nogway.com\/fr\/wp-json\/wp\/v2\/users\/7"}],"replies":[{"embeddable":true,"href":"https:\/\/www.nogway.com\/fr\/wp-json\/wp\/v2\/comments?post=5171"}],"version-history":[{"count":1,"href":"https:\/\/www.nogway.com\/fr\/wp-json\/wp\/v2\/pages\/5171\/revisions"}],"predecessor-version":[{"id":5172,"href":"https:\/\/www.nogway.com\/fr\/wp-json\/wp\/v2\/pages\/5171\/revisions\/5172"}],"wp:attachment":[{"href":"https:\/\/www.nogway.com\/fr\/wp-json\/wp\/v2\/media?parent=5171"}],"curies":[{"name":"wp","href":"https:\/\/api.w.org\/{rel}","templated":true}]}}